{"id":2862,"date":"2016-05-18T15:56:24","date_gmt":"2016-05-18T15:56:24","guid":{"rendered":"https:\/\/www.stenkjohnsonsstiftelse.se\/grants-2016\/"},"modified":"2020-02-20T08:20:11","modified_gmt":"2020-02-20T08:20:11","slug":"scholarships-2016","status":"publish","type":"page","link":"https:\/\/www.stenkjohnsonsstiftelse.se\/en\/scholarships-2016\/","title":{"rendered":"Scholarships 2016"},"content":{"rendered":"\t\t<div data-elementor-type=\"wp-page\" data-elementor-id=\"2862\" class=\"elementor elementor-2862 elementor-1702\" data-elementor-post-type=\"page\">\n\t\t\t\t\t\t<section class=\"elementor-section elementor-top-section elementor-element elementor-element-148262a elementor-section-stretched elementor-section-boxed elementor-section-height-default elementor-section-height-default\" data-id=\"148262a\" data-element_type=\"section\" data-settings=\"{&quot;stretch_section&quot;:&quot;section-stretched&quot;,&quot;background_background&quot;:&quot;classic&quot;}\">\n\t\t\t\t\t\t<div class=\"elementor-container elementor-column-gap-no\">\n\t\t\t\t\t<div class=\"elementor-column elementor-col-100 elementor-top-column elementor-element elementor-element-c6544a\" data-id=\"c6544a\" data-element_type=\"column\">\n\t\t\t<div class=\"elementor-widget-wrap elementor-element-populated\">\n\t\t\t\t\t\t<section class=\"elementor-section elementor-inner-section elementor-element elementor-element-215b750 elementor-section-height-min-height elementor-section-boxed elementor-section-height-default\" data-id=\"215b750\" data-element_type=\"section\" data-settings=\"{&quot;background_background&quot;:&quot;classic&quot;}\">\n\t\t\t\t\t\t<div class=\"elementor-container elementor-column-gap-default\">\n\t\t\t\t\t<div class=\"elementor-column elementor-col-50 elementor-inner-column elementor-element elementor-element-f5a5ced\" data-id=\"f5a5ced\" data-element_type=\"column\">\n\t\t\t<div class=\"elementor-widget-wrap\">\n\t\t\t\t\t\t\t<\/div>\n\t\t<\/div>\n\t\t\t\t<div class=\"elementor-column elementor-col-50 elementor-inner-column elementor-element elementor-element-7a26135\" data-id=\"7a26135\" data-element_type=\"column\">\n\t\t\t<div class=\"elementor-widget-wrap\">\n\t\t\t\t\t\t\t<\/div>\n\t\t<\/div>\n\t\t\t\t\t<\/div>\n\t\t<\/section>\n\t\t\t\t<section class=\"elementor-section elementor-inner-section elementor-element elementor-element-aed06d5 elementor-section-boxed elementor-section-height-default elementor-section-height-default\" data-id=\"aed06d5\" data-element_type=\"section\" data-settings=\"{&quot;background_background&quot;:&quot;classic&quot;}\">\n\t\t\t\t\t\t<div class=\"elementor-container elementor-column-gap-default\">\n\t\t\t\t\t<div class=\"elementor-column elementor-col-100 elementor-inner-column elementor-element elementor-element-48de4b9\" data-id=\"48de4b9\" data-element_type=\"column\">\n\t\t\t<div class=\"elementor-widget-wrap elementor-element-populated\">\n\t\t\t\t\t\t<div class=\"elementor-element elementor-element-92f9cf7 elementor-widget elementor-widget-image\" data-id=\"92f9cf7\" data-element_type=\"widget\" data-widget_type=\"image.default\">\n\t\t\t\t<div class=\"elementor-widget-container\">\n\t\t\t\t\t\t\t\t\t\t\t\t\t\t\t<img fetchpriority=\"high\" decoding=\"async\" width=\"800\" height=\"533\" src=\"https:\/\/www.stenkjohnsonsstiftelse.se\/wp-content\/uploads\/2016\/06\/160514_0831_StenKJohnsson.jpg\" class=\"attachment-large size-large wp-image-2863\" alt=\"\" srcset=\"https:\/\/www.stenkjohnsonsstiftelse.se\/wp-content\/uploads\/2016\/06\/160514_0831_StenKJohnsson.jpg 800w, https:\/\/www.stenkjohnsonsstiftelse.se\/wp-content\/uploads\/2016\/06\/160514_0831_StenKJohnsson-600x400.jpg 600w\" sizes=\"(max-width: 800px) 100vw, 800px\" \/>\t\t\t\t\t\t\t\t\t\t\t\t\t\t\t<\/div>\n\t\t\t\t<\/div>\n\t\t\t\t<div class=\"elementor-element elementor-element-11db2b4 elementor-widget elementor-widget-heading\" data-id=\"11db2b4\" data-element_type=\"widget\" data-widget_type=\"heading.default\">\n\t\t\t\t<div class=\"elementor-widget-container\">\n\t\t\t\t\t<h2 class=\"elementor-heading-title elementor-size-default\">Scholarships 2016<\/h2>\t\t\t\t<\/div>\n\t\t\t\t<\/div>\n\t\t\t\t<div class=\"elementor-element elementor-element-4dfb82e elementor-widget elementor-widget-text-editor\" data-id=\"4dfb82e\" data-element_type=\"widget\" data-widget_type=\"text-editor.default\">\n\t\t\t\t<div class=\"elementor-widget-container\">\n\t\t\t\t\t\t\t\t\t<p><strong>59 grants were awarded last Tuesday to 59 happy receivers. The summera had a temporary rest but the Swedish flags waved over Lund School of Economics when Sten K Johnson Foundation had its fourth grant award ceremony.<\/strong><\/p><p>Efter en kort inledning fick vi en rapport fr\u00e5n en av f\u00f6rra \u00e5rets stipendiater, Filip Celander fr\u00e5n Agrilogik \u201dMobil g\u00f6dselseparering-l\u00f6nsamt och h\u00e5llbar f\u00f6r svenskt lantbruk\u201d. Filip gav oss en fantastisk bild av entrepren\u00f6rskapets vederm\u00f6dor och segrar.<\/p><p>Stipendiaterna fick sedan ta emot sina stipendier ur styrelsens h\u00e4nder. Inom varje omr\u00e5de fick en av stipendiaterna ber\u00e4tta om sitt projekt:<\/p><p>After a brief introduction we got a report from one of last projects, Filip Celander from Agrilogic who got a grant in 2015 for the project \u201dMobile separated manure solids \u2013 profitable and sustainable for Swedish agriculture\u201d. Filip gave us a fantastic view of entrepreneurship hardships and victories. the grants were received from the Board\u2019s hands. Within each area one of the projects were presented to the audience.<\/p><ul><li><strong>Entrepreneurship<\/strong><br \/>Linda Wrangmark och Frida McCabe \u2013 \u201dIV Bracelet\u201d<\/li><li><strong>Culture<\/strong><br \/>Johan Hammar \u2013 \u201dTeeming wetlands\u201d<\/li><li><strong>Literature<\/strong><br \/>Gudbj\u00f6rg Erlingsd\u00f3ttir \u2013 \u201dInterdisciplinary perspectives on the potential and challenges of eHealth\u201d<\/li><li><strong>Medicine<\/strong><br \/>Karin Jirstr\u00f6m \u2013 \u201dImproved personalised cancer treatment using single patient tissue\u201d<\/li><li><strong>Music<\/strong><br \/>Tomas L\u00f6ndhal<strong>\u00a0\u2013\u00a0<\/strong>\u201dCourses in musical performance related to The Royal Academy\u2019s of Music project Live Musical Heritage\u201d<\/li><li><strong>Technology<\/strong><br \/>Remi Loren \u2013 Hampahus \u2013 \u201da climate-smart building system\u201d<\/li><li><strong>Education<\/strong><br \/>Linda Sikstr\u00f6m och Daniel Prsa \u2013 \u201dTeachers as Leaders\u201d<\/li><\/ul><p>After the grant receivers were photographed food was served, people mingled and were entertained by a Fanny Gunnarsson Quartet who received a grant in Music.<\/p><p><strong>Categories<\/strong><\/p><ul><li><a href=\"https:\/\/www.stenkjohnsonsstiftelse.se\/en\/scholarships-2016\/2016-culture\/\">Culture<\/a><\/li><li><a href=\"https:\/\/www.stenkjohnsonsstiftelse.se\/en\/scholarships-2016\/2016-entreprenurship\/\">Entrepreneurship<\/a><\/li><li><a href=\"https:\/\/www.stenkjohnsonsstiftelse.se\/en\/scholarships-2016\/2016-literature\/\">Literature<\/a><\/li><li><a href=\"https:\/\/www.stenkjohnsonsstiftelse.se\/en\/scholarships-2016\/2016-music\/\">Music<\/a><\/li><li><a href=\"https:\/\/www.stenkjohnsonsstiftelse.se\/en\/scholarships-2016\/2016-medicine\/\">Medicine<\/a><\/li><li><a href=\"https:\/\/www.stenkjohnsonsstiftelse.se\/en\/scholarships-2016\/2016-technology\/\">Technology<\/a><\/li><li><a href=\"https:\/\/www.stenkjohnsonsstiftelse.se\/en\/scholarships-2016\/2016-education\/\">Education<\/a><\/li><\/ul>\t\t\t\t\t\t\t\t<\/div>\n\t\t\t\t<\/div>\n\t\t\t\t<div class=\"elementor-element elementor-element-f31074b elementor-widget elementor-widget-text-editor\" data-id=\"f31074b\" data-element_type=\"widget\" data-widget_type=\"text-editor.default\">\n\t\t\t\t<div class=\"elementor-widget-container\">\n\t\t\t\t\t\t\t\t\t<p>\n\t\t<style type=\"text\/css\">\n\t\t\t#gallery-1 {\n\t\t\t\tmargin: auto;\n\t\t\t}\n\t\t\t#gallery-1 .gallery-item {\n\t\t\t\tfloat: left;\n\t\t\t\tmargin-top: 10px;\n\t\t\t\ttext-align: center;\n\t\t\t\twidth: 50%;\n\t\t\t}\n\t\t\t#gallery-1 img {\n\t\t\t\tborder: 2px solid #cfcfcf;\n\t\t\t}\n\t\t\t#gallery-1 .gallery-caption {\n\t\t\t\tmargin-left: 0;\n\t\t\t}\n\t\t\t\/* see gallery_shortcode() in wp-includes\/media.php *\/\n\t\t<\/style>\n\t\t<div id='gallery-1' class='gallery galleryid-2862 gallery-columns-2 gallery-size-medium'><dl class='gallery-item'>\n\t\t\t<dt class='gallery-icon landscape'>\n\t\t\t\t<a href='https:\/\/www.stenkjohnsonsstiftelse.se\/wp-content\/uploads\/2016\/06\/160514_1245_StenKJohnsson.jpg'><img decoding=\"async\" width=\"300\" height=\"200\" src=\"https:\/\/www.stenkjohnsonsstiftelse.se\/wp-content\/uploads\/2016\/06\/160514_1245_StenKJohnsson-600x400.jpg\" class=\"attachment-medium size-medium\" alt=\"\" srcset=\"https:\/\/www.stenkjohnsonsstiftelse.se\/wp-content\/uploads\/2016\/06\/160514_1245_StenKJohnsson-600x400.jpg 600w, https:\/\/www.stenkjohnsonsstiftelse.se\/wp-content\/uploads\/2016\/06\/160514_1245_StenKJohnsson.jpg 800w\" sizes=\"(max-width: 300px) 100vw, 300px\" \/><\/a>\n\t\t\t<\/dt><\/dl><dl class='gallery-item'>\n\t\t\t<dt class='gallery-icon landscape'>\n\t\t\t\t<a href='https:\/\/www.stenkjohnsonsstiftelse.se\/wp-content\/uploads\/2016\/06\/160514_1124_StenKJohnsson.jpg'><img decoding=\"async\" width=\"300\" height=\"200\" src=\"https:\/\/www.stenkjohnsonsstiftelse.se\/wp-content\/uploads\/2016\/06\/160514_1124_StenKJohnsson-600x400.jpg\" class=\"attachment-medium size-medium\" alt=\"\" srcset=\"https:\/\/www.stenkjohnsonsstiftelse.se\/wp-content\/uploads\/2016\/06\/160514_1124_StenKJohnsson-600x400.jpg 600w, https:\/\/www.stenkjohnsonsstiftelse.se\/wp-content\/uploads\/2016\/06\/160514_1124_StenKJohnsson.jpg 800w\" sizes=\"(max-width: 300px) 100vw, 300px\" \/><\/a>\n\t\t\t<\/dt><\/dl><br style=\"clear: both\" \/><dl class='gallery-item'>\n\t\t\t<dt class='gallery-icon landscape'>\n\t\t\t\t<a href='https:\/\/www.stenkjohnsonsstiftelse.se\/wp-content\/uploads\/2016\/06\/160514_0946_StenKJohnsson.jpg'><img loading=\"lazy\" decoding=\"async\" width=\"300\" height=\"200\" src=\"https:\/\/www.stenkjohnsonsstiftelse.se\/wp-content\/uploads\/2016\/06\/160514_0946_StenKJohnsson-600x400.jpg\" class=\"attachment-medium size-medium\" alt=\"\" srcset=\"https:\/\/www.stenkjohnsonsstiftelse.se\/wp-content\/uploads\/2016\/06\/160514_0946_StenKJohnsson-600x400.jpg 600w, https:\/\/www.stenkjohnsonsstiftelse.se\/wp-content\/uploads\/2016\/06\/160514_0946_StenKJohnsson.jpg 800w\" sizes=\"(max-width: 300px) 100vw, 300px\" \/><\/a>\n\t\t\t<\/dt><\/dl><dl class='gallery-item'>\n\t\t\t<dt class='gallery-icon landscape'>\n\t\t\t\t<a href='https:\/\/www.stenkjohnsonsstiftelse.se\/wp-content\/uploads\/2016\/06\/160514_0917_StenKJohnsson.jpg'><img loading=\"lazy\" decoding=\"async\" width=\"300\" height=\"200\" src=\"https:\/\/www.stenkjohnsonsstiftelse.se\/wp-content\/uploads\/2016\/06\/160514_0917_StenKJohnsson-600x400.jpg\" class=\"attachment-medium size-medium\" alt=\"\" srcset=\"https:\/\/www.stenkjohnsonsstiftelse.se\/wp-content\/uploads\/2016\/06\/160514_0917_StenKJohnsson-600x400.jpg 600w, https:\/\/www.stenkjohnsonsstiftelse.se\/wp-content\/uploads\/2016\/06\/160514_0917_StenKJohnsson.jpg 800w\" sizes=\"(max-width: 300px) 100vw, 300px\" \/><\/a>\n\t\t\t<\/dt><\/dl><br style=\"clear: both\" \/><dl class='gallery-item'>\n\t\t\t<dt class='gallery-icon landscape'>\n\t\t\t\t<a href='https:\/\/www.stenkjohnsonsstiftelse.se\/wp-content\/uploads\/2016\/06\/160514_0885_StenKJohnsson.jpg'><img loading=\"lazy\" decoding=\"async\" width=\"300\" height=\"200\" src=\"https:\/\/www.stenkjohnsonsstiftelse.se\/wp-content\/uploads\/2016\/06\/160514_0885_StenKJohnsson-600x400.jpg\" class=\"attachment-medium size-medium\" alt=\"\" srcset=\"https:\/\/www.stenkjohnsonsstiftelse.se\/wp-content\/uploads\/2016\/06\/160514_0885_StenKJohnsson-600x400.jpg 600w, https:\/\/www.stenkjohnsonsstiftelse.se\/wp-content\/uploads\/2016\/06\/160514_0885_StenKJohnsson.jpg 800w\" sizes=\"(max-width: 300px) 100vw, 300px\" \/><\/a>\n\t\t\t<\/dt><\/dl><dl class='gallery-item'>\n\t\t\t<dt class='gallery-icon landscape'>\n\t\t\t\t<a href='https:\/\/www.stenkjohnsonsstiftelse.se\/wp-content\/uploads\/2016\/06\/160514_0831_StenKJohnsson.jpg'><img loading=\"lazy\" decoding=\"async\" width=\"300\" height=\"200\" src=\"https:\/\/www.stenkjohnsonsstiftelse.se\/wp-content\/uploads\/2016\/06\/160514_0831_StenKJohnsson-600x400.jpg\" class=\"attachment-medium size-medium\" alt=\"\" srcset=\"https:\/\/www.stenkjohnsonsstiftelse.se\/wp-content\/uploads\/2016\/06\/160514_0831_StenKJohnsson-600x400.jpg 600w, https:\/\/www.stenkjohnsonsstiftelse.se\/wp-content\/uploads\/2016\/06\/160514_0831_StenKJohnsson.jpg 800w\" sizes=\"(max-width: 300px) 100vw, 300px\" \/><\/a>\n\t\t\t<\/dt><\/dl><br style=\"clear: both\" \/><dl class='gallery-item'>\n\t\t\t<dt class='gallery-icon landscape'>\n\t\t\t\t<a href='https:\/\/www.stenkjohnsonsstiftelse.se\/wp-content\/uploads\/2016\/06\/160514_0756_StenKJohnsson.jpg'><img loading=\"lazy\" decoding=\"async\" width=\"300\" height=\"200\" src=\"https:\/\/www.stenkjohnsonsstiftelse.se\/wp-content\/uploads\/2016\/06\/160514_0756_StenKJohnsson-600x400.jpg\" class=\"attachment-medium size-medium\" alt=\"\" srcset=\"https:\/\/www.stenkjohnsonsstiftelse.se\/wp-content\/uploads\/2016\/06\/160514_0756_StenKJohnsson-600x400.jpg 600w, https:\/\/www.stenkjohnsonsstiftelse.se\/wp-content\/uploads\/2016\/06\/160514_0756_StenKJohnsson.jpg 800w\" sizes=\"(max-width: 300px) 100vw, 300px\" \/><\/a>\n\t\t\t<\/dt><\/dl><dl class='gallery-item'>\n\t\t\t<dt class='gallery-icon landscape'>\n\t\t\t\t<a href='https:\/\/www.stenkjohnsonsstiftelse.se\/wp-content\/uploads\/2016\/06\/160514_0045_StenKJohnsson_1.jpg'><img loading=\"lazy\" decoding=\"async\" width=\"300\" height=\"200\" src=\"https:\/\/www.stenkjohnsonsstiftelse.se\/wp-content\/uploads\/2016\/06\/160514_0045_StenKJohnsson_1-600x400.jpg\" class=\"attachment-medium size-medium\" alt=\"\" srcset=\"https:\/\/www.stenkjohnsonsstiftelse.se\/wp-content\/uploads\/2016\/06\/160514_0045_StenKJohnsson_1-600x400.jpg 600w, https:\/\/www.stenkjohnsonsstiftelse.se\/wp-content\/uploads\/2016\/06\/160514_0045_StenKJohnsson_1.jpg 800w\" sizes=\"(max-width: 300px) 100vw, 300px\" \/><\/a>\n\t\t\t<\/dt><\/dl><br style=\"clear: both\" \/><dl class='gallery-item'>\n\t\t\t<dt class='gallery-icon landscape'>\n\t\t\t\t<a href='https:\/\/www.stenkjohnsonsstiftelse.se\/wp-content\/uploads\/2016\/06\/160514_0047_StenKJohnsson.jpg'><img loading=\"lazy\" decoding=\"async\" width=\"300\" height=\"200\" src=\"https:\/\/www.stenkjohnsonsstiftelse.se\/wp-content\/uploads\/2016\/06\/160514_0047_StenKJohnsson-600x400.jpg\" class=\"attachment-medium size-medium\" alt=\"\" srcset=\"https:\/\/www.stenkjohnsonsstiftelse.se\/wp-content\/uploads\/2016\/06\/160514_0047_StenKJohnsson-600x400.jpg 600w, https:\/\/www.stenkjohnsonsstiftelse.se\/wp-content\/uploads\/2016\/06\/160514_0047_StenKJohnsson.jpg 800w\" sizes=\"(max-width: 300px) 100vw, 300px\" \/><\/a>\n\t\t\t<\/dt><\/dl><dl class='gallery-item'>\n\t\t\t<dt class='gallery-icon landscape'>\n\t\t\t\t<a href='https:\/\/www.stenkjohnsonsstiftelse.se\/wp-content\/uploads\/2016\/06\/160514_0104_StenKJohnsson.jpg'><img loading=\"lazy\" decoding=\"async\" width=\"300\" height=\"200\" src=\"https:\/\/www.stenkjohnsonsstiftelse.se\/wp-content\/uploads\/2016\/06\/160514_0104_StenKJohnsson-600x400.jpg\" class=\"attachment-medium size-medium\" alt=\"\" srcset=\"https:\/\/www.stenkjohnsonsstiftelse.se\/wp-content\/uploads\/2016\/06\/160514_0104_StenKJohnsson-600x400.jpg 600w, https:\/\/www.stenkjohnsonsstiftelse.se\/wp-content\/uploads\/2016\/06\/160514_0104_StenKJohnsson.jpg 800w\" sizes=\"(max-width: 300px) 100vw, 300px\" \/><\/a>\n\t\t\t<\/dt><\/dl><br style=\"clear: both\" \/><dl class='gallery-item'>\n\t\t\t<dt class='gallery-icon landscape'>\n\t\t\t\t<a href='https:\/\/www.stenkjohnsonsstiftelse.se\/wp-content\/uploads\/2016\/06\/160514_0216_StenKJohnsson.jpg'><img loading=\"lazy\" decoding=\"async\" width=\"300\" height=\"200\" src=\"https:\/\/www.stenkjohnsonsstiftelse.se\/wp-content\/uploads\/2016\/06\/160514_0216_StenKJohnsson-600x400.jpg\" class=\"attachment-medium size-medium\" alt=\"\" srcset=\"https:\/\/www.stenkjohnsonsstiftelse.se\/wp-content\/uploads\/2016\/06\/160514_0216_StenKJohnsson-600x400.jpg 600w, https:\/\/www.stenkjohnsonsstiftelse.se\/wp-content\/uploads\/2016\/06\/160514_0216_StenKJohnsson.jpg 800w\" sizes=\"(max-width: 300px) 100vw, 300px\" \/><\/a>\n\t\t\t<\/dt><\/dl><dl class='gallery-item'>\n\t\t\t<dt class='gallery-icon landscape'>\n\t\t\t\t<a href='https:\/\/www.stenkjohnsonsstiftelse.se\/wp-content\/uploads\/2016\/06\/160514_0363_StenKJohnsson.jpg'><img loading=\"lazy\" decoding=\"async\" width=\"300\" height=\"200\" src=\"https:\/\/www.stenkjohnsonsstiftelse.se\/wp-content\/uploads\/2016\/06\/160514_0363_StenKJohnsson-600x400.jpg\" class=\"attachment-medium size-medium\" alt=\"\" srcset=\"https:\/\/www.stenkjohnsonsstiftelse.se\/wp-content\/uploads\/2016\/06\/160514_0363_StenKJohnsson-600x400.jpg 600w, https:\/\/www.stenkjohnsonsstiftelse.se\/wp-content\/uploads\/2016\/06\/160514_0363_StenKJohnsson.jpg 800w\" sizes=\"(max-width: 300px) 100vw, 300px\" \/><\/a>\n\t\t\t<\/dt><\/dl><br style=\"clear: both\" \/><dl class='gallery-item'>\n\t\t\t<dt class='gallery-icon landscape'>\n\t\t\t\t<a href='https:\/\/www.stenkjohnsonsstiftelse.se\/wp-content\/uploads\/2016\/06\/160514_0423_StenKJohnsson_1.jpg'><img loading=\"lazy\" decoding=\"async\" width=\"300\" height=\"200\" src=\"https:\/\/www.stenkjohnsonsstiftelse.se\/wp-content\/uploads\/2016\/06\/160514_0423_StenKJohnsson_1-600x400.jpg\" class=\"attachment-medium size-medium\" alt=\"\" srcset=\"https:\/\/www.stenkjohnsonsstiftelse.se\/wp-content\/uploads\/2016\/06\/160514_0423_StenKJohnsson_1-600x400.jpg 600w, https:\/\/www.stenkjohnsonsstiftelse.se\/wp-content\/uploads\/2016\/06\/160514_0423_StenKJohnsson_1.jpg 800w\" sizes=\"(max-width: 300px) 100vw, 300px\" \/><\/a>\n\t\t\t<\/dt><\/dl><dl class='gallery-item'>\n\t\t\t<dt class='gallery-icon landscape'>\n\t\t\t\t<a href='https:\/\/www.stenkjohnsonsstiftelse.se\/wp-content\/uploads\/2016\/05\/160514_0335_StenKJohnsson.jpg'><img loading=\"lazy\" decoding=\"async\" width=\"300\" height=\"201\" src=\"https:\/\/www.stenkjohnsonsstiftelse.se\/wp-content\/uploads\/2016\/05\/160514_0335_StenKJohnsson-600x401.jpg\" class=\"attachment-medium size-medium\" alt=\"\" srcset=\"https:\/\/www.stenkjohnsonsstiftelse.se\/wp-content\/uploads\/2016\/05\/160514_0335_StenKJohnsson-600x401.jpg 600w, https:\/\/www.stenkjohnsonsstiftelse.se\/wp-content\/uploads\/2016\/05\/160514_0335_StenKJohnsson.jpg 800w\" sizes=\"(max-width: 300px) 100vw, 300px\" \/><\/a>\n\t\t\t<\/dt><\/dl><br style=\"clear: both\" \/>\n\t\t<\/div>\n<\/p><h2>\u00a0<\/h2>\t\t\t\t\t\t\t\t<\/div>\n\t\t\t\t<\/div>\n\t\t\t\t\t<\/div>\n\t\t<\/div>\n\t\t\t\t\t<\/div>\n\t\t<\/section>\n\t\t\t\t\t<\/div>\n\t\t<\/div>\n\t\t\t\t\t<\/div>\n\t\t<\/section>\n\t\t\t\t<\/div>\n\t\t","protected":false},"excerpt":{"rendered":"<p>Scholarships 2016 59 grants were awarded last Tuesday to 59 happy receivers. The summera had a temporary rest but the Swedish flags waved over Lund School of Economics when Sten K Johnson Foundation had its fourth grant award ceremony. Efter en kort inledning fick vi en rapport fr\u00e5n en av &#8230;<\/p>\n","protected":false},"author":4,"featured_media":0,"parent":0,"menu_order":0,"comment_status":"closed","ping_status":"closed","template":"","meta":{"_acf_changed":false,"footnotes":""},"categories":[],"class_list":["post-2862","page","type-page","status-publish","hentry"],"acf":[],"_links":{"self":[{"href":"https:\/\/www.stenkjohnsonsstiftelse.se\/en\/wp-json\/wp\/v2\/pages\/2862","targetHints":{"allow":["GET"]}}],"collection":[{"href":"https:\/\/www.stenkjohnsonsstiftelse.se\/en\/wp-json\/wp\/v2\/pages"}],"about":[{"href":"https:\/\/www.stenkjohnsonsstiftelse.se\/en\/wp-json\/wp\/v2\/types\/page"}],"author":[{"embeddable":true,"href":"https:\/\/www.stenkjohnsonsstiftelse.se\/en\/wp-json\/wp\/v2\/users\/4"}],"replies":[{"embeddable":true,"href":"https:\/\/www.stenkjohnsonsstiftelse.se\/en\/wp-json\/wp\/v2\/comments?post=2862"}],"version-history":[{"count":6,"href":"https:\/\/www.stenkjohnsonsstiftelse.se\/en\/wp-json\/wp\/v2\/pages\/2862\/revisions"}],"predecessor-version":[{"id":4106,"href":"https:\/\/www.stenkjohnsonsstiftelse.se\/en\/wp-json\/wp\/v2\/pages\/2862\/revisions\/4106"}],"wp:attachment":[{"href":"https:\/\/www.stenkjohnsonsstiftelse.se\/en\/wp-json\/wp\/v2\/media?parent=2862"}],"wp:term":[{"taxonomy":"category","embeddable":true,"href":"https:\/\/www.stenkjohnsonsstiftelse.se\/en\/wp-json\/wp\/v2\/categories?post=2862"}],"curies":[{"name":"wp","href":"https:\/\/api.w.org\/{rel}","templated":true}]}}